{"id":2189,"date":"2022-03-28T14:38:45","date_gmt":"2022-03-28T11:38:45","guid":{"rendered":"https:\/\/rukasafaris.fi\/myyntitoimisto\/"},"modified":"2026-03-30T10:15:48","modified_gmt":"2026-03-30T07:15:48","slug":"sales-office","status":"publish","type":"page","link":"https:\/\/rukasafaris.fi\/en\/sales-office\/","title":{"rendered":"Sales Office"},"content":{"rendered":"<h1>Contact us<span class=\"uk-text-primary\">.<\/span><\/h1>\n<div>\n<h2>Ruka Safaris<\/h2>\n<div>\n<p><strong>SALES OFFICE AND IISAKKI VILLAGE<\/strong><br \/><a href=\"https:\/\/goo.gl\/maps\/Wjp3Ez7CCjzi6xE88\" target=\"_blank\" rel=\"noopener\">Myllylahdentie 4 <br \/>93830 Rukatunturi<\/a><br \/>Finland<\/p>\n<p><strong>Sales Office<\/strong><\/p>\n<p><strong>Mon-Fri 9am &#8211; 4.30pm<br \/><\/strong><a href=\"tel:+35888521610\">+358 8 852 1610<\/a><br \/><a href=\"mailto:sales@rukasafaris.fi\">sales@rukasafaris.fi<\/a><\/p>\n<p><strong>Iisakki Village Reception<br \/><\/strong><a href=\"tel:+358 40 5016041\">+358 40 501 6041<\/a><br \/><a href=\"mailto:iisakkivillage@rukasafaris.fi\">iisakkivillage@rukasafaris.fi<\/a><\/p>\n<p><strong>Restaurant Iisakin Talo<br \/><\/strong><a href=\"mailto:restaurant@rukasafaris.fi\">restaurant@rukasafaris.fi<\/a><\/p>\n<p><strong>RUKA SAFARIS AND RESTAURANT KONTIOLUOLA<br \/><\/strong><a href=\"https:\/\/goo.gl\/maps\/X3CLv2JGtk7eKZYJ8\" target=\"_blank\" rel=\"noopener\">Onkerniementie 12 <br \/>93830 Rukatunturi<\/a><br \/>Finland<\/p>\n<p><a href=\"mailto:sales@rukasafaris.fi\"><\/a><strong>Ruka Safaris Front Desk<br \/><\/strong><a href=\"tel:+358 44 0477010\">+358 44 047 7010<\/a><br \/><a href=\"mailto:rukasafaris@rukasafaris.fi\">rukasafaris@rukasafaris.fi<\/a><\/p>\n<p><strong>Restaurant Kontioluola<\/strong><br \/><a href=\"mailto:restaurant@rukasafaris.fi\">restaurant@rukasafaris.fi<\/a><\/p>\n<\/div>\n<\/div>\n<div>\n<p><span>Personal emails\u00a0<\/span><span id=\"cloak75fa539b478807b6b354932cafbf6c38\">firstname.surname@rukasafaris.fi<\/span><\/p>\n<div class=\"category-desc\">\n<div>\n<div>\n<p>Finnish Competition and Consumer Authority\u2019s Travel Guarantee Register number 1227\/21\/Mj<\/p>\n<\/div>\n<\/div>\n<\/div>\n<\/div>\n<ul>\n<li>\n<p>        <img decoding=\"async\" src=\"\/wp-content\/uploads\/2026\/02\/lieven-de-rycke.jpg\" alt=\"Lieven de Rycke, Commercial and Development Director\"><\/p>\n<div>Lieven De Rycke<\/div>\n<p>Commercial and Development Director<\/p>\n<\/li>\n<li>\n<p>        <img decoding=\"async\" src=\"\/wp-content\/uploads\/2022\/04\/ville-maijanen.jpg\" alt=\"Ville Maijanen\"><\/p>\n<div>Ville Maijanen<\/div>\n<p>Procurement &#038; Compliance Manager<\/p>\n<\/li>\n<li>\n<p>        <img decoding=\"async\" src=\"\/wp-content\/uploads\/2026\/01\/Jochem.jpg\" alt=\"\"><\/p>\n<div>Jochem Van Den Bosch<\/div>\n<p>Operative Manager<\/p>\n<\/li>\n<\/ul>\n<div>\n<h5>Sales Office<\/h5>\n<p><a href=\"mailto:sales@rukasafaris.fi\">sales@rukasafaris.fi<\/a><br \/><a href=\"tel:+358 8 852 1610\">+358 8 852 1610<\/a><\/p>\n<h5>Reception &amp; Cleaning<\/h5>\n<p><a href=\"mailto:iisakkivillage@rukasafaris.fi\">iisakkivillage@rukasafaris.fi<\/a><br \/><a href=\"tel:+358 40 5016041\">+358 40 5016041<\/a><\/p>\n<\/div>\n<div>\n<h5>Company details<\/h5>\n<p>Company ID:\u00a0\u00a0\u00a0\u00a0\u00a0\u00a0\u00a0\u00a0\u00a0\u00a0\u00a0\u00a0\u00a0\u00a0\u00a0\u00a0\u00a0\u00a0\u00a0\u00a0\u00a0\u00a0\u00a0\u00a0\u00a0\u00a0\u00a0\u00a0\u00a0\u00a0\u00a0 3238982-3<\/p>\n<p>VAT code:\u00a0 \u00a0 \u00a0 \u00a0 \u00a0 \u00a0 \u00a0 \u00a0 \u00a0 \u00a0 \u00a0 \u00a0 \u00a0 \u00a0 \u00a0 \u00a0 \u00a0 \u00a0 \u00a0FI32389823<\/p>\n<h5>Bank details<\/h5>\n<p>Bank account IBAN &#8211; FI31 8189 9710 0753 56<\/p>\n<p>BIC &#8211; DABAFIHH<\/p>\n<p>Bank\u2019s name &#8211; Danske Bank A\/S, Finland Branch<\/p>\n<p>Bank\u2019s address &#8211; PL 1243, 00075 DANSKE BANK, FINLAND<\/p>\n<h5>Email scanning<\/h5>\n<p>003732389823@procountor.apix.fi<\/p>\n<h5 class=\"tw-data-text tw-text-large tw-ta\" data-placeholder=\"K\u00e4\u00e4nn\u00f6s\" id=\"tw-target-text\" dir=\"ltr\"><span class=\"Y2IQFc\" lang=\"en\">SCANNING of paper invoices<\/span><\/h5>\n<p>Ruka Experiences Oy (Apix skannauspalvelu)<br \/>PL 16112<br \/>00021 LASKUTUS<\/p>\n<\/div>\n<p><!--more--><br \/>\n<!-- {\"type\":\"layout\",\"children\":[{\"type\":\"section\",\"props\":{\"animation\":\"slide-left-small\",\"header_transparent\":false,\"header_transparent_text_color\":\"light\",\"image_position\":\"top-center\",\"padding_remove_bottom\":false,\"style\":\"secondary\",\"title_breakpoint\":\"xl\",\"title_position\":\"top-left\",\"title_rotation\":\"left\",\"vertical_align\":\"\",\"width\":\"default\"},\"children\":[{\"type\":\"row\",\"children\":[{\"type\":\"column\",\"props\":{\"image_position\":\"center-center\",\"position_sticky_breakpoint\":\"m\",\"width_medium\":\"1-1\"},\"children\":[{\"type\":\"headline\",\"props\":{\"content\":\"Contact us<span class=\\\"uk-text-primary\\\">.<\\\/span>\",\"title_element\":\"h1\",\"title_style\":\"heading-medium\"}}]}]}],\"name\":\"Hero\"},{\"type\":\"section\",\"props\":{\"image\":\"wp-content\\\/uploads\\\/2025\\\/06\\\/IisakkiVillage_Lumo_lakeside-scaled.jpg\",\"image_effect\":\"fixed\",\"image_height\":\"1300\",\"image_position\":\"center-center\",\"image_size\":\"cover\",\"image_width\":\"2560\",\"padding\":\"large\",\"style\":\"secondary\",\"title_breakpoint\":\"xl\",\"title_position\":\"top-left\",\"title_rotation\":\"left\",\"vertical_align\":\"\",\"width\":\"default\"},\"children\":[{\"type\":\"row\",\"props\":{\"layout\":\"1-2,1-2\"},\"children\":[{\"type\":\"column\",\"props\":{\"image_position\":\"center-center\",\"position_sticky_breakpoint\":\"m\",\"width_medium\":\"1-2\"}},{\"type\":\"column\",\"props\":{\"image_position\":\"center-center\",\"position_sticky_breakpoint\":\"m\",\"width_medium\":\"1-2\"},\"children\":[{\"type\":\"panel\",\"props\":{\"block_align\":\"right\",\"content\":\"\n\n<p><strong>SALES OFFICE AND IISAKKI VILLAGE<\\\/strong><br \\\/><a href=\\\"https:\\\/\\\/goo.gl\\\/maps\\\/Wjp3Ez7CCjzi6xE88\\\" target=\\\"_blank\\\" rel=\\\"noopener\\\">Myllylahdentie 4 <br \\\/>93830 Rukatunturi<\\\/a><br \\\/>Finland<\\\/p>\\n\n\n<p><strong>Sales Office<\\\/strong><\\\/p>\\n\n\n<p><strong>Mon-Fri 9am - 4.30pm<br \\\/><\\\/strong><a href=\\\"tel:+35888521610\\\">+358 8 852 1610<\\\/a><br \\\/><a href=\\\"mailto:sales@rukasafaris.fi\\\">sales@rukasafaris.fi<\\\/a><br \\\/><br \\\/><strong>Iisakki Village Reception<br \\\/><\\\/strong><a href=\\\"tel:+358 40 5016041\\\">+358 40 501 6041<\\\/a><br \\\/><a href=\\\"mailto:iisakkivillage@rukasafaris.fi\\\">iisakkivillage@rukasafaris.fi<\\\/a><\\\/p>\\n\n\n<p><strong>Restaurant Iisakin Talo<br \\\/><\\\/strong><a href=\\\"mailto:restaurant@rukasafaris.fi\\\">restaurant@rukasafaris.fi<\\\/a><\\\/p>\\n\n\n<p><strong>RUKA SAFARIS AND RESTAURANT KONTIOLUOLA<br \\\/><\\\/strong><a href=\\\"https:\\\/\\\/goo.gl\\\/maps\\\/X3CLv2JGtk7eKZYJ8\\\" target=\\\"_blank\\\" rel=\\\"noopener\\\">Onkerniementie 12 <br \\\/>93830 Rukatunturi<\\\/a><br \\\/>Finland<br \\\/><br \\\/><a href=\\\"mailto:sales@rukasafaris.fi\\\"><\\\/a><strong>Ruka Safaris Front Desk<br \\\/><\\\/strong><a href=\\\"tel:+358 44 0477010\\\">+358 44 047 7010<\\\/a><br \\\/><a href=\\\"mailto:rukasafaris@rukasafaris.fi\\\">rukasafaris@rukasafaris.fi<\\\/a><br \\\/><br \\\/><strong>Restaurant Kontioluola<\\\/strong><br \\\/><a href=\\\"mailto:restaurant@rukasafaris.fi\\\">restaurant@rukasafaris.fi<\\\/a><\\\/p>\",\"content_column_breakpoint\":\"m\",\"content_margin\":\"medium\",\"icon_width\":80,\"image_align\":\"top\",\"image_grid_breakpoint\":\"m\",\"image_grid_width\":\"1-2\",\"image_svg_color\":\"emphasis\",\"link_margin\":\"large\",\"link_style\":\"default\",\"link_target\":true,\"link_text\":\"Open in Map\",\"margin\":\"default\",\"maxwidth\":\"large\",\"meta_align\":\"below-title\",\"meta_element\":\"div\",\"meta_style\":\"text-meta\",\"panel_padding\":\"default\",\"panel_style\":\"card-secondary\",\"title\":\"Ruka Safaris\",\"title_align\":\"top\",\"title_element\":\"h2\",\"title_grid_breakpoint\":\"m\",\"title_grid_width\":\"1-2\",\"title_hover_style\":\"reset\",\"title_margin\":\"remove\",\"title_style\":\"h2\"}}]}]}],\"name\":\"Contact\"},{\"type\":\"section\",\"props\":{\"image_position\":\"center-center\",\"style\":\"default\",\"title_breakpoint\":\"xl\",\"title_position\":\"top-left\",\"title_rotation\":\"left\",\"vertical_align\":\"\",\"width\":\"default\"},\"children\":[{\"type\":\"row\",\"children\":[{\"type\":\"column\",\"props\":{\"image_position\":\"center-center\",\"position_sticky_breakpoint\":\"m\"},\"children\":[{\"type\":\"text\",\"props\":{\"column_breakpoint\":\"m\",\"content\":\"\n\n<p><span>Personal emails\\u00a0<\\\/span><span id=\\\"cloak75fa539b478807b6b354932cafbf6c38\\\">firstname.surname@rukasafaris.fi<\\\/span><\\\/p>\\n\n\n<div class=\\\"category-desc\\\">\\n\n\n<div>\\n\n\n<div>\\n\n\n<p>Finnish Competition and Consumer Authority\\u2019s Travel Guarantee Register number 1227\\\/21\\\/Mj<\\\/p>\\n<\\\/div>\\n<\\\/div>\\n<\\\/div>\",\"margin\":\"default\"}},{\"name\":\"Grid Center Columns\",\"type\":\"grid\",\"children\":[{\"type\":\"grid_item\",\"props\":{\"image\":\"wp-content\\\/uploads\\\/2026\\\/02\\\/lieven-de-rycke.jpg\",\"image_alt\":\"Lieven de Rycke, Commercial and Development Director\",\"meta\":\"Commercial and Development Director\",\"title\":\"Lieven De Rycke\"}},{\"type\":\"grid_item\",\"props\":{\"content\":\"\",\"image\":\"wp-content\\\/uploads\\\/2022\\\/04\\\/ville-maijanen.jpg\",\"image_alt\":\"Ville Maijanen\",\"meta\":\"Procurement & Compliance Manager\",\"title\":\"Ville Maijanen\"}},{\"type\":\"grid_item\",\"props\":{\"content\":\"\",\"image\":\"wp-content\\\/uploads\\\/2026\\\/01\\\/Jochem.jpg\",\"link_text\":\"+358 40 764 5516\",\"meta\":\"Operative Manager\",\"title\":\"Jochem Van Den Bosch\"}}],\"props\":{\"block_align\":\"center\",\"content_column_breakpoint\":\"m\",\"content_margin\":\"small\",\"filter_align\":\"left\",\"filter_all\":true,\"filter_grid_breakpoint\":\"m\",\"filter_grid_width\":\"auto\",\"filter_position\":\"top\",\"filter_style\":\"tab\",\"grid_column_align\":true,\"grid_default\":\"1\",\"grid_medium\":\"4\",\"grid_small\":\"3\",\"icon_width\":80,\"id\":\"grid-center-columns\",\"image_align\":\"top\",\"image_border\":\"circle\",\"image_grid_breakpoint\":\"m\",\"image_grid_width\":\"1-2\",\"image_height\":350,\"image_svg_color\":\"emphasis\",\"image_width\":\"350\",\"item_animation\":true,\"lightbox_bg_close\":true,\"link_margin\":\"small\",\"link_style\":\"\",\"link_text\":\"\",\"margin\":\"\",\"meta_align\":\"below-title\",\"meta_color\":\"muted\",\"meta_element\":\"div\",\"meta_margin\":\"small\",\"meta_style\":\"\",\"panel_link\":true,\"panel_padding\":\"small\",\"parallax_easing\":\"1\",\"show_content\":true,\"show_hover_image\":true,\"show_hover_video\":true,\"show_image\":true,\"show_link\":true,\"show_meta\":true,\"show_title\":true,\"show_video\":true,\"text_align\":\"center\",\"title_align\":\"top\",\"title_element\":\"div\",\"title_grid_breakpoint\":\"m\",\"title_grid_width\":\"1-2\",\"title_hover_style\":\"reset\",\"title_style\":\"h5\"}},{\"type\":\"text\",\"props\":{\"column_breakpoint\":\"m\",\"content\":\"\n\n<h5>Sales Office<\\\/h5>\\n\n\n<p><a href=\\\"mailto:sales@rukasafaris.fi\\\">sales@rukasafaris.fi<\\\/a><br \\\/><a href=\\\"tel:+358 8 852 1610\\\">+358 8 852 1610<\\\/a><\\\/p>\\n\n\n<h5>Reception &amp; Cleaning<\\\/h5>\\n\n\n<p><a href=\\\"mailto:iisakkivillage@rukasafaris.fi\\\">iisakkivillage@rukasafaris.fi<\\\/a><br \\\/><a href=\\\"tel:+358 40 5016041\\\">+358 40 5016041<\\\/a><\\\/p>\",\"margin\":\"default\"}},{\"type\":\"text\",\"props\":{\"column_breakpoint\":\"m\",\"content\":\"\n\n<h5>Company details<\\\/h5>\\n\n\n<p>Company ID:\\u00a0\\u00a0\\u00a0\\u00a0\\u00a0\\u00a0\\u00a0\\u00a0\\u00a0\\u00a0\\u00a0\\u00a0\\u00a0\\u00a0\\u00a0\\u00a0\\u00a0\\u00a0\\u00a0\\u00a0\\u00a0\\u00a0\\u00a0\\u00a0\\u00a0\\u00a0\\u00a0\\u00a0\\u00a0\\u00a0\\u00a0 3238982-3<\\\/p>\\n\n\n<p>VAT code:\\u00a0 \\u00a0 \\u00a0 \\u00a0 \\u00a0 \\u00a0 \\u00a0 \\u00a0 \\u00a0 \\u00a0 \\u00a0 \\u00a0 \\u00a0 \\u00a0 \\u00a0 \\u00a0 \\u00a0 \\u00a0 \\u00a0FI32389823<\\\/p>\\n\n\n<h5>Bank details<\\\/h5>\\n\n\n<p>Bank account IBAN - FI31 8189 9710 0753 56<\\\/p>\\n\n\n<p>BIC - DABAFIHH<\\\/p>\\n\n\n<p>Bank\\u2019s name - Danske Bank A\\\/S, Finland Branch<\\\/p>\\n\n\n<p>Bank\\u2019s address - PL 1243, 00075 DANSKE BANK, FINLAND<\\\/p>\\n\n\n<h5>Email scanning<\\\/h5>\\n\n\n<p>003732389823@procountor.apix.fi<\\\/p>\\n\n\n<h5 class=\\\"tw-data-text tw-text-large tw-ta\\\" data-placeholder=\\\"K\\u00e4\\u00e4nn\\u00f6s\\\" id=\\\"tw-target-text\\\" dir=\\\"ltr\\\"><span class=\\\"Y2IQFc\\\" lang=\\\"en\\\">SCANNING of paper invoices<\\\/span><\\\/h5>\\n\n\n<p>Ruka Experiences Oy (Apix skannauspalvelu)<br \\\/>PL 16112<br \\\/>00021 LASKUTUS<\\\/p>\",\"margin\":\"default\"}}]}]}]}],\"version\":\"4.5.32\"} --><\/p>\n","protected":false},"excerpt":{"rendered":"<p>Contact us. Ruka Safaris SALES OFFICE AND IISAKKI VILLAGEMyllylahdentie 4 93830 RukatunturiFinland Sales Office Mon-Fri 9am &#8211; 4.30pm+358 8 852 1610sales@rukasafaris.fi Iisakki Village Reception+358 40 501 6041iisakkivillage@rukasafaris.fi Restaurant Iisakin Talorestaurant@rukasafaris.fi RUKA SAFARIS AND RESTAURANT KONTIOLUOLAOnkerniementie 12 93830 RukatunturiFinland Ruka Safaris Front Desk+358 44 047 7010rukasafaris@rukasafaris.fi Restaurant Kontioluolarestaurant@rukasafaris.fi Personal emails\u00a0firstname.surname@rukasafaris.fi Finnish Competition and Consumer Authority\u2019s Travel [&hellip;]<\/p>\n","protected":false},"author":1,"featured_media":1862,"parent":0,"menu_order":0,"comment_status":"closed","ping_status":"closed","template":"","meta":{"cybocfi_hide_featured_image":"","footnotes":""},"class_list":["post-2189","page","type-page","status-publish","has-post-thumbnail","hentry"],"yoast_head":"<!-- This site is optimized with the Yoast SEO Premium plugin v27.3 (Yoast SEO v27.3) - https:\/\/yoast.com\/product\/yoast-seo-premium-wordpress\/ -->\n<title>Sales Office - Ruka Safaris, on the edge of Lapland<\/title>\n<meta name=\"description\" content=\"Contact our sales office and ask for more! sales@rukasafaris.fi or call +358 8 852 1610\" \/>\n<meta name=\"robots\" content=\"index, follow, max-snippet:-1, max-image-preview:large, max-video-preview:-1\" \/>\n<link rel=\"canonical\" href=\"https:\/\/rukasafaris.fi\/en\/sales-office\/\" \/>\n<meta property=\"og:locale\" content=\"en_US\" \/>\n<meta property=\"og:type\" content=\"article\" \/>\n<meta property=\"og:title\" content=\"Sales Office\" \/>\n<meta property=\"og:description\" content=\"Contact our sales office and ask for more! sales@rukasafaris.fi or call +358 8 852 1610\" \/>\n<meta property=\"og:url\" content=\"https:\/\/rukasafaris.fi\/en\/sales-office\/\" \/>\n<meta property=\"og:site_name\" content=\"Ruka Safaris, on the edge of Lapland\" \/>\n<meta property=\"article:publisher\" content=\"https:\/\/www.facebook.com\/rukasafaris\" \/>\n<meta property=\"article:modified_time\" content=\"2026-03-30T07:15:48+00:00\" \/>\n<meta property=\"og:image\" content=\"https:\/\/rukasafaris.fi\/wp-content\/uploads\/2022\/03\/Iisakki-village-ilmakuva3.jpg\" \/>\n\t<meta property=\"og:image:width\" content=\"1080\" \/>\n\t<meta property=\"og:image:height\" content=\"768\" \/>\n\t<meta property=\"og:image:type\" content=\"image\/jpeg\" \/>\n<meta name=\"twitter:card\" content=\"summary_large_image\" \/>\n<meta name=\"twitter:label1\" content=\"Est. reading time\" \/>\n\t<meta name=\"twitter:data1\" content=\"6 minutes\" \/>\n<script type=\"application\/ld+json\" class=\"yoast-schema-graph\">{\"@context\":\"https:\\\/\\\/schema.org\",\"@graph\":[{\"@type\":\"WebPage\",\"@id\":\"https:\\\/\\\/rukasafaris.fi\\\/en\\\/sales-office\\\/\",\"url\":\"https:\\\/\\\/rukasafaris.fi\\\/en\\\/sales-office\\\/\",\"name\":\"Sales Office - Ruka Safaris, on the edge of Lapland\",\"isPartOf\":{\"@id\":\"https:\\\/\\\/rukasafaris.fi\\\/en\\\/#website\"},\"primaryImageOfPage\":{\"@id\":\"https:\\\/\\\/rukasafaris.fi\\\/en\\\/sales-office\\\/#primaryimage\"},\"image\":{\"@id\":\"https:\\\/\\\/rukasafaris.fi\\\/en\\\/sales-office\\\/#primaryimage\"},\"thumbnailUrl\":\"https:\\\/\\\/rukasafaris.fi\\\/wp-content\\\/uploads\\\/2022\\\/03\\\/Iisakki-village-ilmakuva3.jpg\",\"datePublished\":\"2022-03-28T11:38:45+00:00\",\"dateModified\":\"2026-03-30T07:15:48+00:00\",\"description\":\"Contact our sales office and ask for more! sales@rukasafaris.fi or call +358 8 852 1610\",\"breadcrumb\":{\"@id\":\"https:\\\/\\\/rukasafaris.fi\\\/en\\\/sales-office\\\/#breadcrumb\"},\"inLanguage\":\"en-US\",\"potentialAction\":[{\"@type\":\"ReadAction\",\"target\":[\"https:\\\/\\\/rukasafaris.fi\\\/en\\\/sales-office\\\/\"]}]},{\"@type\":\"ImageObject\",\"inLanguage\":\"en-US\",\"@id\":\"https:\\\/\\\/rukasafaris.fi\\\/en\\\/sales-office\\\/#primaryimage\",\"url\":\"https:\\\/\\\/rukasafaris.fi\\\/wp-content\\\/uploads\\\/2022\\\/03\\\/Iisakki-village-ilmakuva3.jpg\",\"contentUrl\":\"https:\\\/\\\/rukasafaris.fi\\\/wp-content\\\/uploads\\\/2022\\\/03\\\/Iisakki-village-ilmakuva3.jpg\",\"width\":1080,\"height\":768},{\"@type\":\"BreadcrumbList\",\"@id\":\"https:\\\/\\\/rukasafaris.fi\\\/en\\\/sales-office\\\/#breadcrumb\",\"itemListElement\":[{\"@type\":\"ListItem\",\"position\":1,\"name\":\"Home\",\"item\":\"https:\\\/\\\/rukasafaris.fi\\\/en\\\/\"},{\"@type\":\"ListItem\",\"position\":2,\"name\":\"Sales Office\"}]},{\"@type\":\"WebSite\",\"@id\":\"https:\\\/\\\/rukasafaris.fi\\\/en\\\/#website\",\"url\":\"https:\\\/\\\/rukasafaris.fi\\\/en\\\/\",\"name\":\"Ruka Safaris, Kuusamo\",\"description\":\"Adventure Travel Since 1988\",\"publisher\":{\"@id\":\"https:\\\/\\\/rukasafaris.fi\\\/en\\\/#organization\"},\"potentialAction\":[{\"@type\":\"SearchAction\",\"target\":{\"@type\":\"EntryPoint\",\"urlTemplate\":\"https:\\\/\\\/rukasafaris.fi\\\/en\\\/?s={search_term_string}\"},\"query-input\":{\"@type\":\"PropertyValueSpecification\",\"valueRequired\":true,\"valueName\":\"search_term_string\"}}],\"inLanguage\":\"en-US\"},{\"@type\":\"Organization\",\"@id\":\"https:\\\/\\\/rukasafaris.fi\\\/en\\\/#organization\",\"name\":\"Ruka Safaris\",\"url\":\"https:\\\/\\\/rukasafaris.fi\\\/en\\\/\",\"logo\":{\"@type\":\"ImageObject\",\"inLanguage\":\"en-US\",\"@id\":\"https:\\\/\\\/rukasafaris.fi\\\/en\\\/#\\\/schema\\\/logo\\\/image\\\/\",\"url\":\"https:\\\/\\\/rukasafaris.fi\\\/wp-content\\\/uploads\\\/2022\\\/03\\\/ruka-safaris-logo.png\",\"contentUrl\":\"https:\\\/\\\/rukasafaris.fi\\\/wp-content\\\/uploads\\\/2022\\\/03\\\/ruka-safaris-logo.png\",\"width\":500,\"height\":500,\"caption\":\"Ruka Safaris\"},\"image\":{\"@id\":\"https:\\\/\\\/rukasafaris.fi\\\/en\\\/#\\\/schema\\\/logo\\\/image\\\/\"},\"sameAs\":[\"https:\\\/\\\/www.facebook.com\\\/rukasafaris\",\"https:\\\/\\\/www.instagram.com\\\/rukasafaris\",\"https:\\\/\\\/www.youtube.com\\\/user\\\/rukasafaris\"]}]}<\/script>\n<!-- \/ Yoast SEO Premium plugin. -->","yoast_head_json":{"title":"Sales Office - Ruka Safaris, on the edge of Lapland","description":"Contact our sales office and ask for more! sales@rukasafaris.fi or call +358 8 852 1610","robots":{"index":"index","follow":"follow","max-snippet":"max-snippet:-1","max-image-preview":"max-image-preview:large","max-video-preview":"max-video-preview:-1"},"canonical":"https:\/\/rukasafaris.fi\/en\/sales-office\/","og_locale":"en_US","og_type":"article","og_title":"Sales Office","og_description":"Contact our sales office and ask for more! sales@rukasafaris.fi or call +358 8 852 1610","og_url":"https:\/\/rukasafaris.fi\/en\/sales-office\/","og_site_name":"Ruka Safaris, on the edge of Lapland","article_publisher":"https:\/\/www.facebook.com\/rukasafaris","article_modified_time":"2026-03-30T07:15:48+00:00","og_image":[{"width":1080,"height":768,"url":"https:\/\/rukasafaris.fi\/wp-content\/uploads\/2022\/03\/Iisakki-village-ilmakuva3.jpg","type":"image\/jpeg"}],"twitter_card":"summary_large_image","twitter_misc":{"Est. reading time":"6 minutes"},"schema":{"@context":"https:\/\/schema.org","@graph":[{"@type":"WebPage","@id":"https:\/\/rukasafaris.fi\/en\/sales-office\/","url":"https:\/\/rukasafaris.fi\/en\/sales-office\/","name":"Sales Office - Ruka Safaris, on the edge of Lapland","isPartOf":{"@id":"https:\/\/rukasafaris.fi\/en\/#website"},"primaryImageOfPage":{"@id":"https:\/\/rukasafaris.fi\/en\/sales-office\/#primaryimage"},"image":{"@id":"https:\/\/rukasafaris.fi\/en\/sales-office\/#primaryimage"},"thumbnailUrl":"https:\/\/rukasafaris.fi\/wp-content\/uploads\/2022\/03\/Iisakki-village-ilmakuva3.jpg","datePublished":"2022-03-28T11:38:45+00:00","dateModified":"2026-03-30T07:15:48+00:00","description":"Contact our sales office and ask for more! sales@rukasafaris.fi or call +358 8 852 1610","breadcrumb":{"@id":"https:\/\/rukasafaris.fi\/en\/sales-office\/#breadcrumb"},"inLanguage":"en-US","potentialAction":[{"@type":"ReadAction","target":["https:\/\/rukasafaris.fi\/en\/sales-office\/"]}]},{"@type":"ImageObject","inLanguage":"en-US","@id":"https:\/\/rukasafaris.fi\/en\/sales-office\/#primaryimage","url":"https:\/\/rukasafaris.fi\/wp-content\/uploads\/2022\/03\/Iisakki-village-ilmakuva3.jpg","contentUrl":"https:\/\/rukasafaris.fi\/wp-content\/uploads\/2022\/03\/Iisakki-village-ilmakuva3.jpg","width":1080,"height":768},{"@type":"BreadcrumbList","@id":"https:\/\/rukasafaris.fi\/en\/sales-office\/#breadcrumb","itemListElement":[{"@type":"ListItem","position":1,"name":"Home","item":"https:\/\/rukasafaris.fi\/en\/"},{"@type":"ListItem","position":2,"name":"Sales Office"}]},{"@type":"WebSite","@id":"https:\/\/rukasafaris.fi\/en\/#website","url":"https:\/\/rukasafaris.fi\/en\/","name":"Ruka Safaris, Kuusamo","description":"Adventure Travel Since 1988","publisher":{"@id":"https:\/\/rukasafaris.fi\/en\/#organization"},"potentialAction":[{"@type":"SearchAction","target":{"@type":"EntryPoint","urlTemplate":"https:\/\/rukasafaris.fi\/en\/?s={search_term_string}"},"query-input":{"@type":"PropertyValueSpecification","valueRequired":true,"valueName":"search_term_string"}}],"inLanguage":"en-US"},{"@type":"Organization","@id":"https:\/\/rukasafaris.fi\/en\/#organization","name":"Ruka Safaris","url":"https:\/\/rukasafaris.fi\/en\/","logo":{"@type":"ImageObject","inLanguage":"en-US","@id":"https:\/\/rukasafaris.fi\/en\/#\/schema\/logo\/image\/","url":"https:\/\/rukasafaris.fi\/wp-content\/uploads\/2022\/03\/ruka-safaris-logo.png","contentUrl":"https:\/\/rukasafaris.fi\/wp-content\/uploads\/2022\/03\/ruka-safaris-logo.png","width":500,"height":500,"caption":"Ruka Safaris"},"image":{"@id":"https:\/\/rukasafaris.fi\/en\/#\/schema\/logo\/image\/"},"sameAs":["https:\/\/www.facebook.com\/rukasafaris","https:\/\/www.instagram.com\/rukasafaris","https:\/\/www.youtube.com\/user\/rukasafaris"]}]}},"_links":{"self":[{"href":"https:\/\/rukasafaris.fi\/en\/wp-json\/wp\/v2\/pages\/2189","targetHints":{"allow":["GET"]}}],"collection":[{"href":"https:\/\/rukasafaris.fi\/en\/wp-json\/wp\/v2\/pages"}],"about":[{"href":"https:\/\/rukasafaris.fi\/en\/wp-json\/wp\/v2\/types\/page"}],"author":[{"embeddable":true,"href":"https:\/\/rukasafaris.fi\/en\/wp-json\/wp\/v2\/users\/1"}],"replies":[{"embeddable":true,"href":"https:\/\/rukasafaris.fi\/en\/wp-json\/wp\/v2\/comments?post=2189"}],"version-history":[{"count":0,"href":"https:\/\/rukasafaris.fi\/en\/wp-json\/wp\/v2\/pages\/2189\/revisions"}],"wp:featuredmedia":[{"embeddable":true,"href":"https:\/\/rukasafaris.fi\/en\/wp-json\/wp\/v2\/media\/1862"}],"wp:attachment":[{"href":"https:\/\/rukasafaris.fi\/en\/wp-json\/wp\/v2\/media?parent=2189"}],"curies":[{"name":"wp","href":"https:\/\/api.w.org\/{rel}","templated":true}]}}